{"id":1873,"date":"2026-04-27T06:18:36","date_gmt":"2026-04-27T06:18:36","guid":{"rendered":"https:\/\/tirzepatidepeptidesupply.com\/?post_type=product&#038;p=1873"},"modified":"2026-05-02T04:11:30","modified_gmt":"2026-05-02T04:11:30","slug":"driada-tirzepatide-5mg-peptide-for-sale","status":"publish","type":"product","link":"https:\/\/tirzepatidepeptidesupply.com\/de\/produkt\/driada-tirzepatide-5mg-peptide-for-sale\/","title":{"rendered":"Driada Tirzepatid 5mg Peptid Kaufen 1ml Ampulle"},"content":{"rendered":"<h2>Driada Tirzepatid 5mg Peptid kaufen \u2014 Inklusive 1ml Ampulle<\/h2>\n<p>Driada Tirzepatide 5mg peptide for sale is available at <a href=\"https:\/\/tirzepatidepeptidesupply.com\/de\/\">TirzepatidPeptidVersorgung.com<\/a>Driada Tirzepatid 5mg Peptid ist bei TirzepatidePeptideSupply.com erh\u00e4ltlich \u2014 von unabh\u00e4ngigen Laboren auf eine Reinheit von \u226599% getestet, mit vollst\u00e4ndigem Analysezertifikat (COA) bei jeder Bestellung. Jede Packung enth\u00e4lt 1 Fl\u00e4schchen mit 5mg Tirzepatid sowie eine 1ml Ampulle zur einfachen Rekonstitution im Laborumfeld. Diskrete Lieferung nach Deutschland, \u00d6sterreich und die Schweiz.<\/p>\n<p>Tirzepatid ist ein dualer GIP- und GLP-1-Rezeptoragonist, der in der Stoffwechsel- und Adipositasforschung intensiv untersucht wird. Durch die gleichzeitige Aktivierung beider Rezeptorwege \u2014 GIP und GLP-1 \u2014 entfaltet Tirzepatid einen synergistischen Effekt, der es zu einem der meistuntersuchten Peptide in der Stoffwechselwissenschaft gemacht hat.<\/p>\n<p>Wenn Sie Driada Tirzepatid 5mg Peptid kaufen m\u00f6chten, sollten Qualit\u00e4t und Reinheit Ihre oberste Priorit\u00e4t sein. Unser Driada Tirzepatid-Peptid wird chargenweise auf eine Reinheit von \u226599% getestet \u2014 f\u00fcr konsistente Ergebnisse in jedem Forschungsprotokoll. Forscher, die Driada Tirzepatid 5mg Peptid bei TirzepatidePeptideSupply.com kaufen, k\u00f6nnen diskrete Lieferung nach Deutschland, vollst\u00e4ndige Dokumentation und engagierten Support bei jeder Bestellung erwarten. Sparen Sie mit unseren Mehrfachpackungen und bestellen Sie noch heute.<\/p>\n<p>Entdecken Sie unsere vollst\u00e4ndige Auswahl an <a href=\"https:\/\/tirzepatidepeptidesupply.com\/de\/produkt-kategorie\/peptides\/tirzepatide\/\">Tirzepatid-Peptiden<\/a> und andere <a href=\"\/de\/shop\/\">Forschungspeptiden kaufen<\/a>.<\/p>\n<p>F\u00fcr weitere Informationen zur Tirzepatid-Forschung besuchen Sie <a href=\"https:\/\/pubmed.ncbi.nlm.nih.gov\/?term=tirzepatide\" target=\"_blank\" rel=\"noopener\">National Library of Medicine PubMed-Datenbank<\/a>.<\/p>","protected":false},"excerpt":{"rendered":"<p>Driada Tirzepatid 5mg Peptid kaufen. Inklusive 1ml Ampulle. Forschungsqualit\u00e4t, Analysezertifikat (COA) inklusive. Diskrete Lieferung nach Deutschland. Erh\u00e4ltlich als Einzelfl\u00e4schchen und Mehrfachpackung. Ausschlie\u00dflich f\u00fcr Forschungszwecke bestimmt\n\nMengenrabatt verf\u00fcgbar<\/p>\n<p>Mengenrabatt verf\u00fcgbar<\/p>","protected":false},"featured_media":1874,"comment_status":"open","ping_status":"closed","template":"","meta":[],"product_brand":[90],"product_cat":[24],"product_tag":[92,91,57,29,28,27,25,32,56,33,89],"class_list":{"0":"post-1873","1":"product","2":"type-product","3":"status-publish","4":"has-post-thumbnail","6":"product_brand-driada","7":"product_cat-tirzepatide","8":"product_tag-ampoule","9":"product_tag-driada-tirzepatide","10":"product_tag-gip-peptide","11":"product_tag-glp-1-peptide","12":"product_tag-peptides-for-sale","13":"product_tag-research-peptides","14":"product_tag-tirzepatide","15":"product_tag-tirzepatide-5mg","16":"product_tag-tirzepatide-for-sale","17":"product_tag-tirzepatide-peptide-for-sale","18":"product_tag-tirzepatide-peptides-for-sale","20":"first","21":"instock","22":"shipping-taxable","23":"purchasable","24":"product-type-variable"},"jetpack_sharing_enabled":true,"_links":{"self":[{"href":"https:\/\/tirzepatidepeptidesupply.com\/de\/wp-json\/wp\/v2\/product\/1873","targetHints":{"allow":["GET"]}}],"collection":[{"href":"https:\/\/tirzepatidepeptidesupply.com\/de\/wp-json\/wp\/v2\/product"}],"about":[{"href":"https:\/\/tirzepatidepeptidesupply.com\/de\/wp-json\/wp\/v2\/types\/product"}],"replies":[{"embeddable":true,"href":"https:\/\/tirzepatidepeptidesupply.com\/de\/wp-json\/wp\/v2\/comments?post=1873"}],"wp:featuredmedia":[{"embeddable":true,"href":"https:\/\/tirzepatidepeptidesupply.com\/de\/wp-json\/wp\/v2\/media\/1874"}],"wp:attachment":[{"href":"https:\/\/tirzepatidepeptidesupply.com\/de\/wp-json\/wp\/v2\/media?parent=1873"}],"wp:term":[{"taxonomy":"product_brand","embeddable":true,"href":"https:\/\/tirzepatidepeptidesupply.com\/de\/wp-json\/wp\/v2\/product_brand?post=1873"},{"taxonomy":"product_cat","embeddable":true,"href":"https:\/\/tirzepatidepeptidesupply.com\/de\/wp-json\/wp\/v2\/product_cat?post=1873"},{"taxonomy":"product_tag","embeddable":true,"href":"https:\/\/tirzepatidepeptidesupply.com\/de\/wp-json\/wp\/v2\/product_tag?post=1873"}],"curies":[{"name":"wp","href":"https:\/\/api.w.org\/{rel}","templated":true}]}}