{"id":1868,"date":"2026-04-26T21:34:33","date_gmt":"2026-04-26T21:34:33","guid":{"rendered":"https:\/\/tirzepatidepeptidesupply.com\/?post_type=product&#038;p=1868"},"modified":"2026-05-02T04:21:49","modified_gmt":"2026-05-02T04:21:49","slug":"xeno-labs-tirzepatide-peptide-for-sale","status":"publish","type":"product","link":"https:\/\/tirzepatidepeptidesupply.com\/de\/produkt\/xeno-labs-tirzepatide-peptide-for-sale\/","title":{"rendered":"Xeno Labs Tirzepatid Peptid kaufen \u2014 10-ml-Fl\u00e4schchen"},"content":{"rendered":"<h2>Xeno Labs Tirzepatid Peptid kaufen \u2014 10ml Fl\u00e4schchen<\/h2>\n<p>Xeno Labs Tirzepatid Peptid ist bei <a href=\"https:\/\/tirzepatidepeptidesupply.com\/de\/\">TirzepatidPeptidVersorgung.com<\/a>ist in Forschungsqualit\u00e4t, von unabh\u00e4ngigen Laboren auf eine Reinheit von \u226599% getestet \u2014 mit vollst\u00e4ndigem Analysezertifikat (COA) bei jeder Bestellung. Tirzepatid ist ein dualer GIP- und GLP-1-Rezeptoragonist, der in der Stoffwechsel- und Adipositasforschung gro\u00dfe Aufmerksamkeit erregt hat. Diskrete Lieferung nach Deutschland, \u00d6sterreich und die Schweiz.<\/p>\n<p>Jedes Fl\u00e4schchen enth\u00e4lt Xeno Labs Tirzepatid als lyophilisiertes Pulver zur Injektion, versiegelt und unter Bedingungen versandt, die eine maximale Peptidstabilit\u00e4t gew\u00e4hrleisten. Erh\u00e4ltlich als Einzelfl\u00e4schchen, 5er-Pack und 10er-Pack f\u00fcr Forscher, die gr\u00f6\u00dfere Mengen ben\u00f6tigen. Diskrete Lieferung nach Deutschland, \u00d6sterreich und die Schweiz bei jeder Bestellung.<\/p>\n<p>Wenn Sie Xeno Labs Tirzepatid Peptid kaufen m\u00f6chten, sollten Qualit\u00e4t und Reinheit Ihre oberste Priorit\u00e4t sein. Unser Xeno Labs Tirzepatid Peptid wird chargenweise auf eine Reinheit von \u226599% getestet \u2014 f\u00fcr konsistente Ergebnisse in jedem Forschungsprotokoll. Forscher, die Xeno Labs Tirzepatid Peptid bei TirzepatidePeptideSupply.com kaufen, k\u00f6nnen diskrete Lieferung nach Deutschland, vollst\u00e4ndige Dokumentation und engagierten Support bei jeder Bestellung erwarten.<\/p>\n<p>Entdecken Sie unsere vollst\u00e4ndige Auswahl an <a href=\"https:\/\/tirzepatidepeptidesupply.com\/de\/produkt-kategorie\/peptides\/tirzepatide\/\">Tirzepatid-Peptiden<\/a> und andere <a href=\"\/de\/shop\/\">Forschungspeptiden kaufen<\/a>.<\/p>\n<p>F\u00fcr weitere Informationen zur Tirzepatid-Forschung besuchen Sie <a href=\"https:\/\/pubmed.ncbi.nlm.nih.gov\/?term=tirzepatide\" target=\"_blank\" rel=\"noopener\">National Library of Medicine PubMed-Datenbank<\/a>.<\/p>","protected":false},"excerpt":{"rendered":"<p>Xeno Lab Tirzepatid Peptid kaufen. 10ml lyophilisiertes Pulver Fl\u00e4schchen, Forschungsqualit\u00e4t, Analysezertifikat (COA) inklusive. Diskrete Lieferung nach Deutschland. Erh\u00e4ltlich als Einzelfl\u00e4schchen und Mehrfachpackung. Ausschlie\u00dflich f\u00fcr Forschungszwecke bestimmt.<\/p>\n<p>Mengenrabatt verf\u00fcgbar<\/p>","protected":false},"featured_media":1869,"comment_status":"open","ping_status":"closed","template":"","meta":[],"product_brand":[87],"product_cat":[24],"product_tag":[57,29,28,27,25,56,33,89,50,88],"class_list":{"0":"post-1868","1":"product","2":"type-product","3":"status-publish","4":"has-post-thumbnail","6":"product_brand-xeno-labs","7":"product_cat-tirzepatide","8":"product_tag-gip-peptide","9":"product_tag-glp-1-peptide","10":"product_tag-peptides-for-sale","11":"product_tag-research-peptides","12":"product_tag-tirzepatide","13":"product_tag-tirzepatide-for-sale","14":"product_tag-tirzepatide-peptide-for-sale","15":"product_tag-tirzepatide-peptides-for-sale","16":"product_tag-usa-peptides","17":"product_tag-xeno-labs-tirzepatide","19":"first","20":"instock","21":"shipping-taxable","22":"purchasable","23":"product-type-variable"},"jetpack_sharing_enabled":true,"_links":{"self":[{"href":"https:\/\/tirzepatidepeptidesupply.com\/de\/wp-json\/wp\/v2\/product\/1868","targetHints":{"allow":["GET"]}}],"collection":[{"href":"https:\/\/tirzepatidepeptidesupply.com\/de\/wp-json\/wp\/v2\/product"}],"about":[{"href":"https:\/\/tirzepatidepeptidesupply.com\/de\/wp-json\/wp\/v2\/types\/product"}],"replies":[{"embeddable":true,"href":"https:\/\/tirzepatidepeptidesupply.com\/de\/wp-json\/wp\/v2\/comments?post=1868"}],"wp:featuredmedia":[{"embeddable":true,"href":"https:\/\/tirzepatidepeptidesupply.com\/de\/wp-json\/wp\/v2\/media\/1869"}],"wp:attachment":[{"href":"https:\/\/tirzepatidepeptidesupply.com\/de\/wp-json\/wp\/v2\/media?parent=1868"}],"wp:term":[{"taxonomy":"product_brand","embeddable":true,"href":"https:\/\/tirzepatidepeptidesupply.com\/de\/wp-json\/wp\/v2\/product_brand?post=1868"},{"taxonomy":"product_cat","embeddable":true,"href":"https:\/\/tirzepatidepeptidesupply.com\/de\/wp-json\/wp\/v2\/product_cat?post=1868"},{"taxonomy":"product_tag","embeddable":true,"href":"https:\/\/tirzepatidepeptidesupply.com\/de\/wp-json\/wp\/v2\/product_tag?post=1868"}],"curies":[{"name":"wp","href":"https:\/\/api.w.org\/{rel}","templated":true}]}}