{"id":1816,"date":"2026-04-26T07:04:18","date_gmt":"2026-04-26T07:04:18","guid":{"rendered":"https:\/\/tirzepatidepeptidesupply.com\/?post_type=product&#038;p=1816"},"modified":"2026-05-02T04:29:13","modified_gmt":"2026-05-02T04:29:13","slug":"clenbuterol-tablets-for-sale-euro-pharmacies","status":"publish","type":"product","link":"https:\/\/tirzepatidepeptidesupply.com\/de\/produkt\/clenbuterol-tablets-for-sale-euro-pharmacies\/","title":{"rendered":"Euro Pharmacies Clenbuterox 40mcg kaufen \u2013 100 Tabletten"},"content":{"rendered":"<h2>Beste Clenbuterol Tabletten zum Verkauf \u2014 Euro Pharmacies Clenbuterox 100 Tabletten<\/h2>\n<p>Clenbuterol-Tabletten zum Verkauf sind erh\u00e4ltlich bei <a href=\"https:\/\/tirzepatidepeptidesupply.com\/de\/\">TirzepatidPeptidVersorgung.com<\/a> in der Form von Euro Pharmacies Clenbuterox, 100 Tabletten \u00e0 40mcg pro Tablette. Jede Packung wird von Dritten auf \u226599% Reinheit getestet, mit einem vollst\u00e4ndigen Analysezertifikat bei jeder Bestellung.<\/p>\n<p>Clenbuterol ist ein Beta-2-Adrenozeptoragonist und Bronchodilatator, der in der Stoffwechsel- und Fettverlustforschung intensiv untersucht wird. Unsere Euro Pharmacies Clenbuterol-Tabletten bieten Forschern eine konsistente und gut dokumentierte Forschungssubstanz, erh\u00e4ltlich in Einzel-, 5er- und 10er-Packungen.<\/p>\n<p>Wenn Sie nach Clenbuterol-Tabletten zum Verkauf suchen, sollten Qualit\u00e4t und Reinheit Ihre oberste Priorit\u00e4t sein. Unsere Euro Pharmacies Clenbuterol-Tabletten werden auf eine Reinheit von \u226599% getestet, um konsistente Ergebnisse bei jedem Forschungsprotokoll zu gew\u00e4hrleisten. Forscher, die Clenbuterol-Tabletten zum Verkauf bei TirzepatidePeptideSupply.com kaufen, k\u00f6nnen eine schnelle USA-Lieferung, vollst\u00e4ndige Dokumentation und engagierten Support f\u00fcr jede Bestellung erwarten. Sichern Sie sich heute unseren Vorrat mit unseren Multipack-Optionen und sparen Sie bei Ihren Clenbuterol-Tabletten zum Verkauf.<\/p>\n<p>Entdecken Sie unsere vollst\u00e4ndige Auswahl an <a href=\"https:\/\/tirzepatidepeptidesupply.com\/de\/produkt-kategorie\/peptides\/tirzepatide\/\">Tirzepatid-Peptid<\/a> und andere <a href=\"\/de\/shop\/\">Forschungspeptiden kaufen<\/a>.<\/p>\n<p>F\u00fcr weitere Informationen zur Klenbuterol-Forschung besuchen Sie die <a href=\"https:\/\/pubmed.ncbi.nlm.nih.gov\/?term=clenbuterol\" target=\"_blank\" rel=\"noopener\">National Library of Medicine PubMed-Datenbank<\/a>.<\/p>","protected":false},"excerpt":{"rendered":"<p>Euro Pharmacies Clenbuterox 40mcg zu verkaufen. 100 Tabletten pro Packung, Forschungsqualit\u00e4t, Analysezertifikat (CoA) beiliegend. Schneller Versand in die USA. Erh\u00e4ltlich in Einzel- und Mehrfachpackungen. Nur f\u00fcr Forschungszwecke.<\/p>\n<p>Mengenrabatt verf\u00fcgbar<\/p>","protected":false},"featured_media":1820,"comment_status":"open","ping_status":"closed","template":"","meta":[],"product_brand":[72],"product_cat":[58],"product_tag":[66,64,60,61,62,65,63,71,67,69],"class_list":{"0":"post-1816","1":"product","2":"type-product","3":"status-publish","4":"has-post-thumbnail","6":"product_brand-euro-pharmacies","7":"product_cat-fat-loss","8":"product_tag-beta-2-agonist","9":"product_tag-buy-clenbuterol-tablets","10":"product_tag-clenbuterol","11":"product_tag-clenbuterol-40mcg","12":"product_tag-clenbuterol-for-sale","13":"product_tag-clenbuterol-pills-for-sale","14":"product_tag-clenbuterol-tablets-for-sale","15":"product_tag-euro-pharmacies-clenbuterol","16":"product_tag-fat-loss-research","17":"product_tag-usa-shipping","19":"first","20":"instock","21":"shipping-taxable","22":"purchasable","23":"product-type-variable"},"jetpack_sharing_enabled":true,"_links":{"self":[{"href":"https:\/\/tirzepatidepeptidesupply.com\/de\/wp-json\/wp\/v2\/product\/1816","targetHints":{"allow":["GET"]}}],"collection":[{"href":"https:\/\/tirzepatidepeptidesupply.com\/de\/wp-json\/wp\/v2\/product"}],"about":[{"href":"https:\/\/tirzepatidepeptidesupply.com\/de\/wp-json\/wp\/v2\/types\/product"}],"replies":[{"embeddable":true,"href":"https:\/\/tirzepatidepeptidesupply.com\/de\/wp-json\/wp\/v2\/comments?post=1816"}],"wp:featuredmedia":[{"embeddable":true,"href":"https:\/\/tirzepatidepeptidesupply.com\/de\/wp-json\/wp\/v2\/media\/1820"}],"wp:attachment":[{"href":"https:\/\/tirzepatidepeptidesupply.com\/de\/wp-json\/wp\/v2\/media?parent=1816"}],"wp:term":[{"taxonomy":"product_brand","embeddable":true,"href":"https:\/\/tirzepatidepeptidesupply.com\/de\/wp-json\/wp\/v2\/product_brand?post=1816"},{"taxonomy":"product_cat","embeddable":true,"href":"https:\/\/tirzepatidepeptidesupply.com\/de\/wp-json\/wp\/v2\/product_cat?post=1816"},{"taxonomy":"product_tag","embeddable":true,"href":"https:\/\/tirzepatidepeptidesupply.com\/de\/wp-json\/wp\/v2\/product_tag?post=1816"}],"curies":[{"name":"wp","href":"https:\/\/api.w.org\/{rel}","templated":true}]}}