{"id":1684,"date":"2026-04-22T15:24:22","date_gmt":"2026-04-22T15:24:22","guid":{"rendered":"https:\/\/tirzepatidepeptidesupply.com\/?post_type=product&#038;p=1684"},"modified":"2026-05-02T04:02:24","modified_gmt":"2026-05-02T04:02:24","slug":"retatrutide-peptide-for-sale-10mg","status":"publish","type":"product","link":"https:\/\/tirzepatidepeptidesupply.com\/de\/produkt\/retatrutide-peptide-for-sale-10mg\/","title":{"rendered":"Retatrutid 10 mg Peptid zum Verkauf \u2013 Pharmaqo"},"content":{"rendered":"<h2>Retatrutide 10mg Peptid kaufen \u2014 Produktdetails<\/h2>\n<p>Unser Retatrutide 10mg Peptid wird von unabh\u00e4ngigen Laboren auf eine Reinheit von \u226599% getestet \u2014 mit vollst\u00e4ndigem Analysezertifikat (COA) bei jeder Bestellung. Retatrutide ist ein triple GLP-1-, GIP- und Glukagon-Rezeptoragonist, der in der Stoffwechsel- und Adipositasforschung gro\u00dfe Aufmerksamkeit erregt hat. Diskrete Lieferung nach Deutschland, \u00d6sterreich und die Schweiz bei jeder Bestellung.<\/p>\n<p>Jede Packung enth\u00e4lt ein 10mg lyophilisiertes Fl\u00e4schchen, 1 Ampulle und 1ml bakteriostatisches Wasser zur einfachen Rekonstitution im Laborumfeld. Erh\u00e4ltlich als Einzelfl\u00e4schchen, 5er-Pack und 10er-Pack f\u00fcr Forscher, die gr\u00f6\u00dfere Mengen ben\u00f6tigen. Diskrete Lieferung nach Deutschland, \u00d6sterreich und die Schweiz bei jeder Bestellung.<\/p>\n<p>Forscher, die Retatrutide kaufen m\u00f6chten oder nach GLP-3 Retatrutide suchen, finden hier unser umfassendstes Retatrutide-Angebot. Alle Produkte werden diskret nach Deutschland, \u00d6sterreich, die Schweiz und in die meisten internationalen M\u00e4rkte versandt.<\/p>\n<p>Entdecken Sie unsere vollst\u00e4ndige Auswahl an <a href=\"\/de\/shop\/\">peptides kaufen<\/a> including <a href=\"\/de\/produkt\/tirzepatide-10mg-peptide-for-sale\/\">Tirzepatid-Peptid<\/a> und <a href=\"\/de\/produkt-kategorie\/peptides\/sermorelin\/\">Sermorelin Peptid<\/a>.<\/p>\n<p>For more information on retatrutide research, visit the <a href=\"https:\/\/pubmed.ncbi.nlm.nih.gov\/?term=retatrutide\" target=\"_blank\" rel=\"noopener\">National Library of Medicine PubMed-Datenbank<\/a>.<\/p>","protected":false},"excerpt":{"rendered":"<p>Retatrutide 10mg Peptid kaufen \u2014 Forschungsqualit\u00e4t. Jede Packung enth\u00e4lt 1 Ampulle und 1ml bakteriostatisches Wasser. \u226599% Reinheit, Analysezertifikat (COA) inklusive, diskrete Lieferung nach Deutschland. Ausschlie\u00dflich f\u00fcr Forschungszwecke bestimmt.<\/p>","protected":false},"featured_media":1685,"comment_status":"closed","ping_status":"closed","template":"","meta":[],"product_brand":[36],"product_cat":[35],"product_tag":[],"class_list":{"0":"post-1684","1":"product","2":"type-product","3":"status-publish","4":"has-post-thumbnail","6":"product_brand-pharmaqo","7":"product_cat-retatrutide","9":"first","10":"instock","11":"shipping-taxable","12":"purchasable","13":"product-type-variable"},"jetpack_sharing_enabled":true,"_links":{"self":[{"href":"https:\/\/tirzepatidepeptidesupply.com\/de\/wp-json\/wp\/v2\/product\/1684","targetHints":{"allow":["GET"]}}],"collection":[{"href":"https:\/\/tirzepatidepeptidesupply.com\/de\/wp-json\/wp\/v2\/product"}],"about":[{"href":"https:\/\/tirzepatidepeptidesupply.com\/de\/wp-json\/wp\/v2\/types\/product"}],"replies":[{"embeddable":true,"href":"https:\/\/tirzepatidepeptidesupply.com\/de\/wp-json\/wp\/v2\/comments?post=1684"}],"wp:featuredmedia":[{"embeddable":true,"href":"https:\/\/tirzepatidepeptidesupply.com\/de\/wp-json\/wp\/v2\/media\/1685"}],"wp:attachment":[{"href":"https:\/\/tirzepatidepeptidesupply.com\/de\/wp-json\/wp\/v2\/media?parent=1684"}],"wp:term":[{"taxonomy":"product_brand","embeddable":true,"href":"https:\/\/tirzepatidepeptidesupply.com\/de\/wp-json\/wp\/v2\/product_brand?post=1684"},{"taxonomy":"product_cat","embeddable":true,"href":"https:\/\/tirzepatidepeptidesupply.com\/de\/wp-json\/wp\/v2\/product_cat?post=1684"},{"taxonomy":"product_tag","embeddable":true,"href":"https:\/\/tirzepatidepeptidesupply.com\/de\/wp-json\/wp\/v2\/product_tag?post=1684"}],"curies":[{"name":"wp","href":"https:\/\/api.w.org\/{rel}","templated":true}]}}