{"id":1667,"date":"2026-04-22T03:34:15","date_gmt":"2026-04-22T03:34:15","guid":{"rendered":"https:\/\/tirzepatidepeptidesupply.com\/?post_type=product&#038;p=1667"},"modified":"2026-05-02T04:05:42","modified_gmt":"2026-05-02T04:05:42","slug":"tirzepatide-5mg-peptide-for-sale","status":"publish","type":"product","link":"https:\/\/tirzepatidepeptidesupply.com\/de\/produkt\/tirzepatide-5mg-peptide-for-sale\/","title":{"rendered":"Tirzepatid-Peptid 5 mg kaufen - Inklusive 5 ml Bac-Wasser"},"content":{"rendered":"<h2>Tirzepatid 5mg Peptid kaufen \u2014 Produktdetails<\/h2>\n<p>&nbsp;<\/p>\n<p>Unser Tirzepatid 5mg Peptid wird von unabh\u00e4ngigen Laboren auf eine Reinheit von \u226599% getestet und wird praktischerweise mit 5ml bakteriostatischem Wasser geliefert. Tirzepatid ist ein dualer GIP- und GLP-1-Rezeptoragonist, der in der Stoffwechsel- und Adipositasforschung intensiv untersucht wird. Diskrete Lieferung nach Deutschland, \u00d6sterreich und die Schweiz bei jeder Bestellung.<br \/>\nEach order includes a full Certificate of Analysis confirming peptide purity and integrity. Our tirzepatide peptide for sale is available in lyophilized powder form, sealed and shipped under conditions that preserve maximum stability.<\/p>\n<p>Forscher, die Tirzepatid 5mg Peptid kaufen m\u00f6chten, finden dies einen ausgezeichneten Einstiegspunkt in die Tirzepatid-Forschung. Das enthaltene bakteriostatische Wasser (5ml) macht die Rekonstitution im Laborumfeld unkompliziert. Jedes Tirzepatid 5mg Fl\u00e4schchen wird lyophilisiert geliefert f\u00fcr maximale Lagerstabilit\u00e4t und wird mit vollst\u00e4ndiger Dokumentation versandt. Alle bei TirzepatidePeptideSupply.com verkauften Peptide sind ausschlie\u00dflich f\u00fcr Forschungszwecke bestimmt und nicht f\u00fcr den menschlichen Verzehr vorgesehen. Diskrete Lieferung nach Deutschland, \u00d6sterreich und die Schweiz.<\/p>\n<p>F\u00fcr weitere Informationen zur Tirzepatid-Forschung besuchen Sie <a href=\"https:\/\/pubmed.ncbi.nlm.nih.gov\/?term=tirzepatide\" target=\"_blank\" rel=\"noopener\">National Library of Medicine PubMed-Datenbank<\/a>.<\/p>\n<p>F\u00fcr Gro\u00dfhandelsanfragen kontaktieren Sie uns per E-Mail<\/p>","protected":false},"excerpt":{"rendered":"<p>Tirzepatid 5mg Peptid kaufen \u2014 Forschungsqualit\u00e4t. Inklusive 5ml bakteriostatischem Wasser. \u226599% Reinheit, Analysezertifikat (COA) inklusive, diskrete Lieferung nach Deutschland.<\/p>\n<p>Looking for higher doses? View our <a href=\"\/de\/produkt\/tirzepatide-peptide-for-sale\/\">Tirzepatide 10mg peptide for sale<\/a> or browse all our <a href=\"\/de\/shop\/\">peptides kaufen<\/a>.<\/p>","protected":false},"featured_media":1668,"comment_status":"closed","ping_status":"closed","template":"","meta":[],"product_brand":[],"product_cat":[23,24],"product_tag":[29,28,25,32,34,26,33],"class_list":{"0":"post-1667","1":"product","2":"type-product","3":"status-publish","4":"has-post-thumbnail","6":"product_cat-peptides","7":"product_cat-tirzepatide","8":"product_tag-glp-1-peptide","9":"product_tag-peptides-for-sale","10":"product_tag-tirzepatide","11":"product_tag-tirzepatide-5mg","12":"product_tag-tirzepatide-5mg-for-sale","13":"product_tag-tirzepatide-peptide","14":"product_tag-tirzepatide-peptide-for-sale","16":"first","17":"instock","18":"shipping-taxable","19":"purchasable","20":"product-type-variable"},"jetpack_sharing_enabled":true,"_links":{"self":[{"href":"https:\/\/tirzepatidepeptidesupply.com\/de\/wp-json\/wp\/v2\/product\/1667","targetHints":{"allow":["GET"]}}],"collection":[{"href":"https:\/\/tirzepatidepeptidesupply.com\/de\/wp-json\/wp\/v2\/product"}],"about":[{"href":"https:\/\/tirzepatidepeptidesupply.com\/de\/wp-json\/wp\/v2\/types\/product"}],"replies":[{"embeddable":true,"href":"https:\/\/tirzepatidepeptidesupply.com\/de\/wp-json\/wp\/v2\/comments?post=1667"}],"wp:featuredmedia":[{"embeddable":true,"href":"https:\/\/tirzepatidepeptidesupply.com\/de\/wp-json\/wp\/v2\/media\/1668"}],"wp:attachment":[{"href":"https:\/\/tirzepatidepeptidesupply.com\/de\/wp-json\/wp\/v2\/media?parent=1667"}],"wp:term":[{"taxonomy":"product_brand","embeddable":true,"href":"https:\/\/tirzepatidepeptidesupply.com\/de\/wp-json\/wp\/v2\/product_brand?post=1667"},{"taxonomy":"product_cat","embeddable":true,"href":"https:\/\/tirzepatidepeptidesupply.com\/de\/wp-json\/wp\/v2\/product_cat?post=1667"},{"taxonomy":"product_tag","embeddable":true,"href":"https:\/\/tirzepatidepeptidesupply.com\/de\/wp-json\/wp\/v2\/product_tag?post=1667"}],"curies":[{"name":"wp","href":"https:\/\/api.w.org\/{rel}","templated":true}]}}