{"id":1777,"date":"2026-04-25T11:38:06","date_gmt":"2026-04-25T11:38:06","guid":{"rendered":"https:\/\/tirzepatidepeptidesupply.com\/?page_id=1777"},"modified":"2026-04-25T11:38:07","modified_gmt":"2026-04-25T11:38:07","slug":"about-2","status":"publish","type":"page","link":"https:\/\/tirzepatidepeptidesupply.com\/de\/about-2\/","title":{"rendered":"\u00dcber TirzepatidePeptideSupply.com \u2014 Forschungspeptide in Pharmaqualit\u00e4t"},"content":{"rendered":"<h2>\u00dcber TirzepatidePeptideSupply.com<\/h2>\n\n<p>TirzepatidePeptideSupply.com ist ein Anbieter von Forschungspeptiden in Pharmaqualit\u00e4t, darunter Tirzepatid, Retatrutide, Sermorelin und HCG. Wir sind bestrebt, Forschern in Deutschland, \u00d6sterreich, der Schweiz und international die hochwertigsten Peptide bereitzustellen.<\/p>\n\n<h2>Unser Engagement f\u00fcr Reinheit<\/h2>\n\n<p>Jedes Peptid, das wir verkaufen, wird von unabh\u00e4ngigen Laboren auf eine Reinheit von \u226599% getestet. Ein vollst\u00e4ndiges Analysezertifikat (COA) ist bei jeder Bestellung enthalten, damit Forscher die Qualit\u00e4t ihres Kaufs vor Beginn eines Forschungsprotokolls \u00fcberpr\u00fcfen k\u00f6nnen.<\/p>\n\n<h2>Who We Serve<\/h2>\n\n<p>Wir bedienen qualifizierte Forscher, Laboratorien und Forschungseinrichtungen in Deutschland, \u00d6sterreich, der Schweiz und international, einschlie\u00dflich Europa und dem Nahen Osten. Alle auf TirzepatidePeptideSupply.com verkauften Peptide sind ausschlie\u00dflich f\u00fcr Forschungszwecke bestimmt und nicht f\u00fcr den menschlichen Verzehr vorgesehen.<\/p>\n\n<h2>Schneller &amp; Diskreter Versand<\/h2>\n\n<p>Wir versenden alle Bestellungen schnell und diskret. Bestellungen werden innerhalb von 48 Stunden bearbeitet und in neutraler Verpackung versandt \u2014 ohne Produktnamen oder Markenzeichen auf der Au\u00dfenseite des Pakets. Lieferung nach Deutschland, \u00d6sterreich und die Schweiz in 5\u20137 Werktagen.<\/p>\n\n<h2>Unser Peptid-Sortiment<\/h2>\n\n<p>Wir f\u00fchren ein vollst\u00e4ndiges Sortiment an Forschungspeptiden, darunter <a href=\"https:\/\/tirzepatidepeptidesupply.com\/de\/produkt-kategorie\/peptides\/tirzepatide\/\">Tirzepatid-Peptid<\/a>, <a href=\"https:\/\/tirzepatidepeptidesupply.com\/de\/produkt-kategorie\/peptides\/retatrutide\/\">Retatrutids<\/a>, <a href=\"https:\/\/tirzepatidepeptidesupply.com\/de\/produkt-kategorie\/peptides\/sermorelin\/\">Sermorelin Peptid<\/a> und <a href=\"https:\/\/tirzepatidepeptidesupply.com\/de\/produkt-kategorie\/peptides\/hcg\/\">HCG-Peptid<\/a>.<\/p>\n\n<p>For more information on peptide research visit the <a href=\"https:\/\/pubmed.ncbi.nlm.nih.gov\" target=\"_blank\" rel=\"noopener\">National Library of Medicine PubMed-Datenbank<\/a>.<\/p>","protected":false},"excerpt":{"rendered":"<p>About TirzepatidePeptideSupply.com TirzepatidePeptideSupply.com is a USA-based supplier of research-grade peptides including tirzepatide peptide for sale, retatrutide peptide for sale, sermorelin peptide for sale and HCG peptide for sale. We are committed to providing researchers across the USA and internationally with the highest quality peptides available. Our Commitment to Purity Every peptide we sell is third-party [&hellip;]<\/p>\n","protected":false},"author":1,"featured_media":0,"parent":0,"menu_order":0,"comment_status":"closed","ping_status":"closed","template":"","meta":{"footnotes":""},"class_list":["post-1777","page","type-page","status-publish","hentry"],"blocksy_meta":[],"_hostinger_reach_plugin_has_subscription_block":false,"_hostinger_reach_plugin_is_elementor":false,"jetpack_sharing_enabled":true,"_links":{"self":[{"href":"https:\/\/tirzepatidepeptidesupply.com\/de\/wp-json\/wp\/v2\/pages\/1777","targetHints":{"allow":["GET"]}}],"collection":[{"href":"https:\/\/tirzepatidepeptidesupply.com\/de\/wp-json\/wp\/v2\/pages"}],"about":[{"href":"https:\/\/tirzepatidepeptidesupply.com\/de\/wp-json\/wp\/v2\/types\/page"}],"author":[{"embeddable":true,"href":"https:\/\/tirzepatidepeptidesupply.com\/de\/wp-json\/wp\/v2\/users\/1"}],"replies":[{"embeddable":true,"href":"https:\/\/tirzepatidepeptidesupply.com\/de\/wp-json\/wp\/v2\/comments?post=1777"}],"version-history":[{"count":1,"href":"https:\/\/tirzepatidepeptidesupply.com\/de\/wp-json\/wp\/v2\/pages\/1777\/revisions"}],"predecessor-version":[{"id":1778,"href":"https:\/\/tirzepatidepeptidesupply.com\/de\/wp-json\/wp\/v2\/pages\/1777\/revisions\/1778"}],"wp:attachment":[{"href":"https:\/\/tirzepatidepeptidesupply.com\/de\/wp-json\/wp\/v2\/media?parent=1777"}],"curies":[{"name":"wp","href":"https:\/\/api.w.org\/{rel}","templated":true}]}}